{"id":1403,"date":"2024-04-12T08:05:27","date_gmt":"2024-04-12T06:05:27","guid":{"rendered":"https:\/\/lebenshilfe-stmk.at\/spenden\/"},"modified":"2024-06-27T14:19:59","modified_gmt":"2024-06-27T12:19:59","slug":"spenden","status":"publish","type":"page","link":"https:\/\/lebenshilfe-stmk.at\/ll\/spenden\/","title":{"rendered":"Spenden"},"content":{"rendered":"\t\t<div data-elementor-type=\"wp-page\" data-elementor-id=\"1403\" class=\"elementor elementor-1403 elementor-508\" data-elementor-post-type=\"page\">\n\t\t\t\t<div class=\"elementor-element elementor-element-6fa482b e-flex e-con-boxed e-con e-parent\" data-id=\"6fa482b\" data-element_type=\"container\">\n\t\t\t\t\t<div class=\"e-con-inner\">\n\t\t<div class=\"elementor-element elementor-element-ff68f64 e-con-full e-flex e-con e-child\" data-id=\"ff68f64\" data-element_type=\"container\" data-settings=\"{&quot;background_background&quot;:&quot;classic&quot;}\">\n\t\t\t\t<div class=\"elementor-element elementor-element-ac71fe3 elementor-absolute elementor-hidden-mobile elementor-widget elementor-widget-image\" data-id=\"ac71fe3\" data-element_type=\"widget\" data-settings=\"{&quot;_position&quot;:&quot;absolute&quot;}\" data-widget_type=\"image.default\">\n\t\t\t\t<div class=\"elementor-widget-container\">\n\t\t\t\t\t\t\t\t\t\t\t\t\t\t\t<img fetchpriority=\"high\" decoding=\"async\" width=\"788\" height=\"1024\" src=\"https:\/\/lebenshilfe-stmk.at\/wp-content\/uploads\/2024\/03\/arrow_d_orange.svg\" class=\"attachment-large size-large wp-image-1330\" alt=\"\" \/>\t\t\t\t\t\t\t\t\t\t\t\t\t\t\t<\/div>\n\t\t\t\t<\/div>\n\t\t\t\t<\/div>\n\t\t\t\t\t<\/div>\n\t\t\t\t<\/div>\n\t\t<div class=\"elementor-element elementor-element-b05075a e-flex e-con-boxed e-con e-parent\" data-id=\"b05075a\" data-element_type=\"container\">\n\t\t\t\t\t<div class=\"e-con-inner\">\n\t\t\t\t<div class=\"elementor-element elementor-element-0f02c2c elementor-widget elementor-widget-heading\" data-id=\"0f02c2c\" data-element_type=\"widget\" data-widget_type=\"heading.default\">\n\t\t\t\t<div class=\"elementor-widget-container\">\n\t\t\t\t\t<h2 class=\"elementor-heading-title elementor-size-default\">Wir sagen Danke!<\/h2>\t\t\t\t<\/div>\n\t\t\t\t<\/div>\n\t\t\t\t<div class=\"elementor-element elementor-element-17e53fc elementor-widget elementor-widget-text-editor\" data-id=\"17e53fc\" data-element_type=\"widget\" data-widget_type=\"text-editor.default\">\n\t\t\t\t<div class=\"elementor-widget-container\">\n\t\t\t\t\t\t\t\t\t<p>Mit Ihrer Spende helfen Sie Menschen mit Behinderung, ihr Leben so zu leben, wie alle anderen auch.\u00a0<\/p><p>Sie helfen, die Gesellschaft inklusiver zu machen.\u00a0<\/p><p>Wir sind eine gemeinn\u00fctzige Organisation.\u00a0<\/p><p>Ihre Spende geht direkt an Menschen mit Behinderung.<\/p>\t\t\t\t\t\t\t\t<\/div>\n\t\t\t\t<\/div>\n\t\t\t\t<div class=\"elementor-element elementor-element-560f72b elementor-widget__width-initial elementor-widget-mobile__width-inherit elementor-widget elementor-widget-text-editor\" data-id=\"560f72b\" data-element_type=\"widget\" data-widget_type=\"text-editor.default\">\n\t\t\t\t<div class=\"elementor-widget-container\">\n\t\t\t\t\t\t\t\t\t<p><strong>Lebenshilfe Steiermark Spendenkonto<\/strong><\/p>\n<p><strong>Spendenkonto: 07.104.730<\/strong><br \/>BLZ: 38.000 Raiffeisen-Landesbank Steiermark<br \/><strong>IBAN: AT32 3800 0000 0710 4730<\/strong><br \/><strong>BIC: RZSTAT2G<\/strong><\/p>\n\t\t\t\t\t\t\t\t<\/div>\n\t\t\t\t<\/div>\n\t\t\t\t\t<\/div>\n\t\t\t\t<\/div>\n\t\t<div class=\"elementor-element elementor-element-5ff0676 e-flex e-con-boxed e-con e-parent\" data-id=\"5ff0676\" data-element_type=\"container\" data-settings=\"{&quot;background_background&quot;:&quot;classic&quot;}\">\n\t\t\t\t\t<div class=\"e-con-inner\">\n\t\t\t\t<div class=\"elementor-element elementor-element-ced3bb7 elementor-widget elementor-widget-image\" data-id=\"ced3bb7\" data-element_type=\"widget\" data-widget_type=\"image.default\">\n\t\t\t\t<div class=\"elementor-widget-container\">\n\t\t\t\t\t\t\t\t\t\t\t\t\t\t\t<img decoding=\"async\" width=\"800\" height=\"748\" src=\"https:\/\/lebenshilfe-stmk.at\/wp-content\/uploads\/2024\/03\/icon_herzhand.svg\" class=\"attachment-large size-large wp-image-1334\" alt=\"\" \/>\t\t\t\t\t\t\t\t\t\t\t\t\t\t\t<\/div>\n\t\t\t\t<\/div>\n\t\t\t\t<div class=\"elementor-element elementor-element-b4e1dc4 elementor-widget__width-initial elementor-widget-mobile__width-inherit elementor-widget elementor-widget-text-editor\" data-id=\"b4e1dc4\" data-element_type=\"widget\" data-widget_type=\"text-editor.default\">\n\t\t\t\t<div class=\"elementor-widget-container\">\n\t\t\t\t\t\t\t\t\t<p>Wir setzen uns besonders f\u00fcr Menschen mit intellektuellen Behinderungen und Lernschwierigkeiten ein und f\u00fcr jene, die in ihrem Alltag viel Unterst\u00fctzung brauchen.&nbsp;<\/p><p>Wir b\u00fcndeln unsere Kr\u00e4fte und k\u00e4mpfen als starke Stimme f\u00fcr die Verwirklichung einer inklusiven und fairen Gesellschaft.  <\/p>\t\t\t\t\t\t\t\t<\/div>\n\t\t\t\t<\/div>\n\t\t\t\t\t<\/div>\n\t\t\t\t<\/div>\n\t\t<div class=\"elementor-element elementor-element-2caa6bf e-flex e-con-boxed e-con e-parent\" data-id=\"2caa6bf\" data-element_type=\"container\">\n\t\t\t\t\t<div class=\"e-con-inner\">\n\t\t<div class=\"elementor-element elementor-element-bba5bd6 e-con-full e-flex e-con e-child\" data-id=\"bba5bd6\" data-element_type=\"container\" data-settings=\"{&quot;background_background&quot;:&quot;classic&quot;}\">\n\t\t\t\t<\/div>\n\t\t<div class=\"elementor-element elementor-element-4a8433b e-con-full e-flex e-con e-child\" data-id=\"4a8433b\" data-element_type=\"container\">\n\t\t\t\t<div class=\"elementor-element elementor-element-1185a7c elementor-widget elementor-widget-heading\" data-id=\"1185a7c\" data-element_type=\"widget\" data-widget_type=\"heading.default\">\n\t\t\t\t<div class=\"elementor-widget-container\">\n\t\t\t\t\t<h1 class=\"elementor-heading-title elementor-size-default\">Rechtsberatung<\/h1>\t\t\t\t<\/div>\n\t\t\t\t<\/div>\n\t\t\t\t<div class=\"elementor-element elementor-element-8f4e0da elementor-widget elementor-widget-text-editor\" data-id=\"8f4e0da\" data-element_type=\"widget\" data-widget_type=\"text-editor.default\">\n\t\t\t\t<div class=\"elementor-widget-container\">\n\t\t\t\t\t\t\t\t\t<p>Vielen Dank f\u00fcr Ihre Spende an die Lebenshilfe Rechtsberatung.\u00a0<\/p><p>Damit helfen Sie uns, Menschen mit Behinderung und ihre Familien in vielen verschiedenen Situationen zu beraten.\u00a0<\/p><p>Diese Beratung ist f\u00fcr sie kostenlos.<\/p>\t\t\t\t\t\t\t\t<\/div>\n\t\t\t\t<\/div>\n\t\t\t\t<div class=\"elementor-element elementor-element-0e3e9a4 elementor-widget__width-initial elementor-widget-mobile__width-inherit elementor-widget elementor-widget-text-editor\" data-id=\"0e3e9a4\" data-element_type=\"widget\" data-widget_type=\"text-editor.default\">\n\t\t\t\t<div class=\"elementor-widget-container\">\n\t\t\t\t\t\t\t\t\t<p><strong>Spendenkonto: 1-07.104.730<br \/><\/strong>BLZ: 38.000 Raiffeisen-Landesbank Steiermark<br \/><strong>IBAN: AT76 3800 0001 0710 4730<br \/>BIC: RZSTAT2G<\/strong><\/p>\n\t\t\t\t\t\t\t\t<\/div>\n\t\t\t\t<\/div>\n\t\t\t\t<div class=\"elementor-element elementor-element-321ec55 elementor-align-right elementor-widget__width-auto elementor-mobile-align-justify elementor-widget-mobile__width-inherit elementor-widget elementor-widget-button\" data-id=\"321ec55\" data-element_type=\"widget\" data-widget_type=\"button.default\">\n\t\t\t\t<div class=\"elementor-widget-container\">\n\t\t\t\t\t\t\t\t\t<div class=\"elementor-button-wrapper\">\n\t\t\t\t\t<a class=\"elementor-button elementor-button-link elementor-size-sm\" href=\"https:\/\/lebenshilfe-stmk.at\/ll\/rechtsberatung\/\" target=\"_blank\">\n\t\t\t\t\t\t<span class=\"elementor-button-content-wrapper\">\n\t\t\t\t\t\t<span class=\"elementor-button-icon\">\n\t\t\t\t<svg xmlns=\"http:\/\/www.w3.org\/2000\/svg\" width=\"47.003\" height=\"22.175\" viewBox=\"0 0 47.003 22.175\"><g id=\"Gruppe_138\" data-name=\"Gruppe 138\" transform=\"translate(-845.63 -1617.228)\"><path id=\"Pfad_1\" data-name=\"Pfad 1\" d=\"M0,11.383,10.547,0,20.695,11.383\" transform=\"translate(891.146 1617.961) rotate(90)\" fill=\"none\" stroke=\"#fff\" stroke-width=\"2\"><\/path><path id=\"Pfad_2\" data-name=\"Pfad 2\" d=\"M973.679,1768.181H928.163\" transform=\"translate(-82.533 -139.682)\" fill=\"none\" stroke=\"#fff\" stroke-width=\"2\"><\/path><\/g><\/svg>\t\t\t<\/span>\n\t\t\t\t\t\t\t\t\t<span class=\"elementor-button-text\">Mehr Erfahren<\/span>\n\t\t\t\t\t<\/span>\n\t\t\t\t\t<\/a>\n\t\t\t\t<\/div>\n\t\t\t\t\t\t\t\t<\/div>\n\t\t\t\t<\/div>\n\t\t\t\t<\/div>\n\t\t\t\t\t<\/div>\n\t\t\t\t<\/div>\n\t\t<div class=\"elementor-element elementor-element-810025d e-flex e-con-boxed e-con e-parent\" data-id=\"810025d\" data-element_type=\"container\" data-settings=\"{&quot;background_background&quot;:&quot;classic&quot;}\">\n\t\t\t\t\t<div class=\"e-con-inner\">\n\t\t\t\t<div class=\"elementor-element elementor-element-38a0ac0 elementor-widget__width-initial elementor-widget-mobile__width-inherit elementor-widget elementor-widget-text-editor\" data-id=\"38a0ac0\" data-element_type=\"widget\" data-widget_type=\"text-editor.default\">\n\t\t\t\t<div class=\"elementor-widget-container\">\n\t\t\t\t\t\t\t\t\t<p><strong>Wussten Sie, dass Sie Ihre Spende steuerlich absetzen k\u00f6nnen?<\/strong><\/p>\n<p>Die Lebenshilfe Steiermark ist seit 1. August 2009 auf der \u00bb <a href=\"https:\/\/service.bmf.gv.at\/service\/allg\/spenden\/show_mast.asp\">Liste der beg\u00fcnstigen Spendenempf\u00e4nger des BMF<\/a> unter der Registrierungs-Nummer SO-1326 angef\u00fchrt.<\/p>\n<p><strong>Achtung:<\/strong><br>Seit 2017 gelten get\u00e4tigte Spenden nur dann als Sonder-Ausgabe, wenn wir die Spender*innen-Daten (Vorname und Zuname, Geburtsdatum) an das Finanzamt melden.<\/p>\n<p>Wir bitten Sie daher, diese Angaben (Vorname und Zuname, Geburtsdatum) bei Ihrem Spenden-Erlag anzugeben.&nbsp;<\/p><p>Vielen Dank!<\/p><p><br><\/p>\n<p>Diese Daten m\u00fcssen nicht verpflichtend angegeben werden.&nbsp;<\/p><p>Die Spende kann aber nur als Sonder-Ausgabe geltend gemacht werden, wenn Sie die Daten bekannt geben. <\/p>\n<p>Mit der Mitteilung Ihrer Daten stimmen Sie der Weitergabe Ihrer Daten an das Finanzamt zu.<\/p>\n<p>Vielen Dank f\u00fcr Ihre Unterst\u00fctzung!<\/p>\t\t\t\t\t\t\t\t<\/div>\n\t\t\t\t<\/div>\n\t\t\t\t\t<\/div>\n\t\t\t\t<\/div>\n\t\t\t\t<\/div>\n\t\t","protected":false},"excerpt":{"rendered":"<p>Wir sagen Danke! Mit Ihrer Spende helfen Sie Menschen mit Behinderung, ihr Leben so zu leben, wie alle anderen auch.\u00a0 Sie helfen, die Gesellschaft inklusiver zu machen.\u00a0 Wir sind eine gemeinn\u00fctzige Organisation.\u00a0 Ihre Spende geht direkt an Menschen mit Behinderung. Lebenshilfe Steiermark Spendenkonto Spendenkonto: 07.104.730BLZ: 38.000 Raiffeisen-Landesbank SteiermarkIBAN: AT32 3800 0000 0710 4730BIC: RZSTAT2G Wir [&hellip;]<\/p>\n","protected":false},"author":1,"featured_media":0,"parent":0,"menu_order":0,"comment_status":"closed","ping_status":"closed","template":"elementor_header_footer","meta":{"_acf_changed":false,"inline_featured_image":false,"footnotes":""},"class_list":["post-1403","page","type-page","status-publish","hentry"],"acf":[],"_links":{"self":[{"href":"https:\/\/lebenshilfe-stmk.at\/ll\/wp-json\/wp\/v2\/pages\/1403","targetHints":{"allow":["GET"]}}],"collection":[{"href":"https:\/\/lebenshilfe-stmk.at\/ll\/wp-json\/wp\/v2\/pages"}],"about":[{"href":"https:\/\/lebenshilfe-stmk.at\/ll\/wp-json\/wp\/v2\/types\/page"}],"author":[{"embeddable":true,"href":"https:\/\/lebenshilfe-stmk.at\/ll\/wp-json\/wp\/v2\/users\/1"}],"replies":[{"embeddable":true,"href":"https:\/\/lebenshilfe-stmk.at\/ll\/wp-json\/wp\/v2\/comments?post=1403"}],"version-history":[{"count":4,"href":"https:\/\/lebenshilfe-stmk.at\/ll\/wp-json\/wp\/v2\/pages\/1403\/revisions"}],"predecessor-version":[{"id":1472,"href":"https:\/\/lebenshilfe-stmk.at\/ll\/wp-json\/wp\/v2\/pages\/1403\/revisions\/1472"}],"wp:attachment":[{"href":"https:\/\/lebenshilfe-stmk.at\/ll\/wp-json\/wp\/v2\/media?parent=1403"}],"curies":[{"name":"wp","href":"https:\/\/api.w.org\/{rel}","templated":true}]}}